{"id":6,"date":"2023-10-20T16:24:52","date_gmt":"2023-10-20T16:24:52","guid":{"rendered":"https:\/\/biocookedtoday.com\/?page_id=6"},"modified":"2023-10-21T10:00:22","modified_gmt":"2023-10-21T10:00:22","slug":"home","status":"publish","type":"page","link":"https:\/\/biocookedtoday.com\/","title":{"rendered":"Home"},"content":{"rendered":"\t\t<div data-elementor-type=\"wp-page\" data-elementor-id=\"6\" class=\"elementor elementor-6\">\n\t\t\t\t<div class=\"elementor-element elementor-element-1d05c38 e-flex e-con-boxed e-con e-parent\" data-id=\"1d05c38\" data-element_type=\"container\">\n\t\t\t\t\t<div class=\"e-con-inner\">\n\t\t\t\t<div class=\"elementor-element elementor-element-465d23c elementor-widget elementor-widget-video\" data-id=\"465d23c\" data-element_type=\"widget\" data-settings=\"{&quot;video_type&quot;:&quot;hosted&quot;,&quot;autoplay&quot;:&quot;yes&quot;,&quot;mute&quot;:&quot;yes&quot;,&quot;loop&quot;:&quot;yes&quot;}\" data-widget_type=\"video.default\">\n\t\t\t\t<div class=\"elementor-widget-container\">\n\t\t\t\t\t\t\t<div class=\"e-hosted-video elementor-wrapper elementor-open-inline\">\n\t\t\t\t\t<video class=\"elementor-video\" src=\"https:\/\/biocookedtoday.com\/wp-content\/uploads\/2023\/10\/Terneras_web.mp4\" autoplay=\"\" loop=\"\" muted=\"muted\" controlsList=\"nodownload\"><\/video>\n\t\t\t\t<\/div>\n\t\t\t\t\t\t<\/div>\n\t\t\t\t<\/div>\n\t\t\t\t\t<\/div>\n\t\t\t\t<\/div>\n\t\t<div class=\"elementor-element elementor-element-6de486e e-flex e-con-boxed e-con e-parent\" data-id=\"6de486e\" data-element_type=\"container\">\n\t\t\t\t\t<div class=\"e-con-inner\">\n\t\t\t\t<div class=\"elementor-element elementor-element-bc96309 elementor-widget-divider--view-line elementor-widget elementor-widget-divider\" data-id=\"bc96309\" data-element_type=\"widget\" data-widget_type=\"divider.default\">\n\t\t\t\t<div class=\"elementor-widget-container\">\n\t\t\t\t\t\t\t<div class=\"elementor-divider\">\n\t\t\t<span class=\"elementor-divider-separator\">\n\t\t\t\t\t\t<\/span>\n\t\t<\/div>\n\t\t\t\t\t\t<\/div>\n\t\t\t\t<\/div>\n\t\t\t\t\t<\/div>\n\t\t\t\t<\/div>\n\t\t<div class=\"elementor-element elementor-element-b6f8ec4 e-flex e-con-boxed e-con e-parent\" data-id=\"b6f8ec4\" data-element_type=\"container\">\n\t\t\t\t\t<div class=\"e-con-inner\">\n\t\t\t\t<div class=\"elementor-element elementor-element-b10e57a elementor-widget elementor-widget-text-editor\" data-id=\"b10e57a\" data-element_type=\"widget\" data-widget_type=\"text-editor.default\">\n\t\t\t\t<div class=\"elementor-widget-container\">\n\t\t\t\t\t\t\t\t\t<h2>Lifelong ranchers<\/h2>\n<p>Our journey as a family business of organic livestock farmers begins at the end of the 80s with the acquisition of the &#8216;Las Hazas&#8217; farm. A farm, located between the towns of Villanueva de C\u00f3rdoba and Torrecampo, in the heart of the Pedroches Valley (C\u00f3rdoba), Andalusia, Spain.<\/p>\n<p>The brothers and founders Jos\u00e9 Pic\u00f3n and Andr\u00e9s Pic\u00f3n focused from the beginning on a very specific business idea, a clear philosophy based on two fundamental pillars from the first moment:<\/p>\n<ul> \n    <li>The traditional breeding and management of the animal in total freedom within the Las Hazas farm, in total harmony with the sustainability of the environment.<\/li>\n    <li>Direct sales \u201cfrom the field to the table\u201d, first of fresh products and for a few years now, of cooked products, all with organic certification.<\/li>\n<\/ul>\t\t\t\t\t\t\t\t<\/div>\n\t\t\t\t<\/div>\n\t\t\t\t\t<\/div>\n\t\t\t\t<\/div>\n\t\t<div class=\"elementor-element elementor-element-a6e7cad e-flex e-con-boxed e-con e-parent\" data-id=\"a6e7cad\" data-element_type=\"container\">\n\t\t\t\t\t<div class=\"e-con-inner\">\n\t\t\t\t<div class=\"elementor-element elementor-element-c5ccd4e elementor-widget-divider--view-line elementor-widget elementor-widget-divider\" data-id=\"c5ccd4e\" data-element_type=\"widget\" data-widget_type=\"divider.default\">\n\t\t\t\t<div class=\"elementor-widget-container\">\n\t\t\t\t\t\t\t<div class=\"elementor-divider\">\n\t\t\t<span class=\"elementor-divider-separator\">\n\t\t\t\t\t\t<\/span>\n\t\t<\/div>\n\t\t\t\t\t\t<\/div>\n\t\t\t\t<\/div>\n\t\t\t\t\t<\/div>\n\t\t\t\t<\/div>\n\t\t<div class=\"elementor-element elementor-element-7ec8aa8 e-flex e-con-boxed e-con e-parent\" data-id=\"7ec8aa8\" data-element_type=\"container\">\n\t\t\t\t\t<div class=\"e-con-inner\">\n\t\t<div class=\"elementor-element elementor-element-d55698f e-con-full e-flex e-con e-child\" data-id=\"d55698f\" data-element_type=\"container\">\n\t\t\t\t<div class=\"elementor-element elementor-element-7a1cfc4 elementor-widget elementor-widget-image\" data-id=\"7a1cfc4\" data-element_type=\"widget\" data-widget_type=\"image.default\">\n\t\t\t\t<div class=\"elementor-widget-container\">\n\t\t\t\t\t\t\t\t\t\t\t\t\t\t\t<img fetchpriority=\"high\" decoding=\"async\" width=\"1024\" height=\"876\" src=\"https:\/\/biocookedtoday.com\/wp-content\/uploads\/2023\/10\/Foto_texto_campo-1024x876.jpg\" class=\"attachment-large size-large wp-image-20\" alt=\"\" srcset=\"https:\/\/biocookedtoday.com\/wp-content\/uploads\/2023\/10\/Foto_texto_campo-1024x876.jpg 1024w, https:\/\/biocookedtoday.com\/wp-content\/uploads\/2023\/10\/Foto_texto_campo-300x257.jpg 300w, https:\/\/biocookedtoday.com\/wp-content\/uploads\/2023\/10\/Foto_texto_campo-768x657.jpg 768w, https:\/\/biocookedtoday.com\/wp-content\/uploads\/2023\/10\/Foto_texto_campo.jpg 1400w\" sizes=\"(max-width: 1024px) 100vw, 1024px\" \/>\t\t\t\t\t\t\t\t\t\t\t\t\t\t\t<\/div>\n\t\t\t\t<\/div>\n\t\t\t\t<\/div>\n\t\t<div class=\"elementor-element elementor-element-8ed2a97 e-con-full e-flex e-con e-child\" data-id=\"8ed2a97\" data-element_type=\"container\">\n\t\t\t\t<div class=\"elementor-element elementor-element-a127db3 elementor-widget elementor-widget-text-editor\" data-id=\"a127db3\" data-element_type=\"widget\" data-widget_type=\"text-editor.default\">\n\t\t\t\t<div class=\"elementor-widget-container\">\n\t\t\t\t\t\t\t\t\t<h2>From the field\u2026<\/h2><p>Andr\u00e9s Pic\u00f3n is the person who dedicates his time to the field. It is our eyes, hands and heart in total symbiosis with the animals that live in the countryside. He pampers our lambs and calves that are raised in total freedom 365 days, as well as the spectacular environment that surrounds us.<\/p><p>We defend the traditional breeding and management of the animal, ensuring the sustainability of the natural environment where we are located.<\/p><p>In recent years, extensive livestock farming and grazing have been gaining increasing prominence in different areas, not only in technical spaces linked to livestock farming, but increasingly in matters related to sustainability, the conservation of natural heritage. , the prevention and mitigation of climate change, rural development or territorial planning and management, among other aspects.<\/p>\t\t\t\t\t\t\t\t<\/div>\n\t\t\t\t<\/div>\n\t\t\t\t<\/div>\n\t\t\t\t\t<\/div>\n\t\t\t\t<\/div>\n\t\t<div class=\"elementor-element elementor-element-cb8992d e-flex e-con-boxed e-con e-parent\" data-id=\"cb8992d\" data-element_type=\"container\">\n\t\t\t\t\t<div class=\"e-con-inner\">\n\t\t<div class=\"elementor-element elementor-element-10281bb e-con-full e-flex e-con e-child\" data-id=\"10281bb\" data-element_type=\"container\">\n\t\t\t\t<div class=\"elementor-element elementor-element-a87d215 elementor-widget elementor-widget-text-editor\" data-id=\"a87d215\" data-element_type=\"widget\" data-widget_type=\"text-editor.default\">\n\t\t\t\t<div class=\"elementor-widget-container\">\n\t\t\t\t\t\t\t\t\t<h4>\u2026at the table, cooking for you<\/h4><p>Francisco Jos\u00e9 Pic\u00f3n, son of Jos\u00e9 Pic\u00f3n, as Head of Sales and Quality, is responsible for getting to know each of his clients, to provide a familiar and close treatment, in each sale of his product.<\/p><p>Also, together with the members of its Production and Quality team, it ensures very traditional and manual cooking, but using the most advanced technology in ovens and cooking pots; The meat raw material from animals raised in total freedom and organically on their farms in the Pedroches Valley, are the cornerstone of each roast or dish that is cooked.<\/p><p>A line of products cooked at low temperatures, with 100% organic ingredients, developed in their cozy central kitchens of their certified organic industry, achieving a useful life of 210 days from cooking, without losing an iota of organolectic quality, and without use any type of additive or preservative; Our roasts contain the main raw materials and a touch of basic ingredients, they do not need anything else, to be among the most requested fifth-range organic products, roasts and dishes ready to eat at any time, you only need to heat them to taste.<\/p><p>After many years of research, we have achieved a line of 5th range roasts certified 100% organic, which after already being present throughout Spain, want to cross borders to reach the rest of the inhabitants of Europe.<\/p>\t\t\t\t\t\t\t\t<\/div>\n\t\t\t\t<\/div>\n\t\t\t\t<\/div>\n\t\t<div class=\"elementor-element elementor-element-c51c4ca e-con-full e-flex e-con e-child\" data-id=\"c51c4ca\" data-element_type=\"container\">\n\t\t\t\t<div class=\"elementor-element elementor-element-dc5d3e8 elementor-widget elementor-widget-image\" data-id=\"dc5d3e8\" data-element_type=\"widget\" data-widget_type=\"image.default\">\n\t\t\t\t<div class=\"elementor-widget-container\">\n\t\t\t\t\t\t\t\t\t\t\t\t\t\t\t<img decoding=\"async\" width=\"1024\" height=\"878\" src=\"https:\/\/biocookedtoday.com\/wp-content\/uploads\/2023\/10\/Foto_texto_industria-1024x878.jpg\" class=\"attachment-large size-large wp-image-21\" alt=\"Imagen en la que se ve a Francisco Jos\u00e9 Pic\u00f3n en nuestras instalaciones.\" srcset=\"https:\/\/biocookedtoday.com\/wp-content\/uploads\/2023\/10\/Foto_texto_industria-1024x878.jpg 1024w, https:\/\/biocookedtoday.com\/wp-content\/uploads\/2023\/10\/Foto_texto_industria-300x257.jpg 300w, https:\/\/biocookedtoday.com\/wp-content\/uploads\/2023\/10\/Foto_texto_industria-768x658.jpg 768w, https:\/\/biocookedtoday.com\/wp-content\/uploads\/2023\/10\/Foto_texto_industria.jpg 1400w\" sizes=\"(max-width: 1024px) 100vw, 1024px\" \/>\t\t\t\t\t\t\t\t\t\t\t\t\t\t\t<\/div>\n\t\t\t\t<\/div>\n\t\t\t\t<\/div>\n\t\t\t\t\t<\/div>\n\t\t\t\t<\/div>\n\t\t<div class=\"elementor-element elementor-element-ac58dfc e-flex e-con-boxed e-con e-parent\" data-id=\"ac58dfc\" data-element_type=\"container\">\n\t\t\t\t\t<div class=\"e-con-inner\">\n\t\t\t\t<div class=\"elementor-element elementor-element-e59704a elementor-widget-divider--view-line elementor-widget elementor-widget-divider\" data-id=\"e59704a\" data-element_type=\"widget\" data-widget_type=\"divider.default\">\n\t\t\t\t<div class=\"elementor-widget-container\">\n\t\t\t\t\t\t\t<div class=\"elementor-divider\">\n\t\t\t<span class=\"elementor-divider-separator\">\n\t\t\t\t\t\t<\/span>\n\t\t<\/div>\n\t\t\t\t\t\t<\/div>\n\t\t\t\t<\/div>\n\t\t\t\t\t<\/div>\n\t\t\t\t<\/div>\n\t\t<div class=\"elementor-element elementor-element-f5077c8 e-flex e-con-boxed e-con e-parent\" data-id=\"f5077c8\" data-element_type=\"container\">\n\t\t\t\t\t<div class=\"e-con-inner\">\n\t\t\t\t<div class=\"elementor-element elementor-element-23ca6d1 elementor-widget elementor-widget-image\" data-id=\"23ca6d1\" data-element_type=\"widget\" data-widget_type=\"image.default\">\n\t\t\t\t<div class=\"elementor-widget-container\">\n\t\t\t\t\t\t\t\t\t\t\t\t\t\t\t<img decoding=\"async\" width=\"1536\" height=\"333\" src=\"https:\/\/biocookedtoday.com\/wp-content\/uploads\/2023\/10\/Banner_combi_1400px-ancho_1-1536x333.jpg\" class=\"attachment-1536x1536 size-1536x1536 wp-image-25\" alt=\"Varias im\u00e1genes de nuestra finca.\" srcset=\"https:\/\/biocookedtoday.com\/wp-content\/uploads\/2023\/10\/Banner_combi_1400px-ancho_1-1536x333.jpg 1536w, https:\/\/biocookedtoday.com\/wp-content\/uploads\/2023\/10\/Banner_combi_1400px-ancho_1-300x65.jpg 300w, https:\/\/biocookedtoday.com\/wp-content\/uploads\/2023\/10\/Banner_combi_1400px-ancho_1-1024x222.jpg 1024w, https:\/\/biocookedtoday.com\/wp-content\/uploads\/2023\/10\/Banner_combi_1400px-ancho_1-768x166.jpg 768w, https:\/\/biocookedtoday.com\/wp-content\/uploads\/2023\/10\/Banner_combi_1400px-ancho_1.jpg 1850w\" sizes=\"(max-width: 1536px) 100vw, 1536px\" \/>\t\t\t\t\t\t\t\t\t\t\t\t\t\t\t<\/div>\n\t\t\t\t<\/div>\n\t\t\t\t\t<\/div>\n\t\t\t\t<\/div>\n\t\t<div class=\"elementor-element elementor-element-9fd7742 e-flex e-con-boxed e-con e-parent\" data-id=\"9fd7742\" data-element_type=\"container\">\n\t\t\t\t\t<div class=\"e-con-inner\">\n\t\t\t\t<div class=\"elementor-element elementor-element-69c5a2d elementor-widget elementor-widget-image\" data-id=\"69c5a2d\" data-element_type=\"widget\" data-widget_type=\"image.default\">\n\t\t\t\t<div class=\"elementor-widget-container\">\n\t\t\t\t\t\t\t\t\t\t\t\t\t\t\t<img loading=\"lazy\" decoding=\"async\" width=\"1536\" height=\"334\" src=\"https:\/\/biocookedtoday.com\/wp-content\/uploads\/2023\/10\/Banner_combi_1400px-ancho_2-1536x334.jpg\" class=\"attachment-1536x1536 size-1536x1536 wp-image-26\" alt=\"\" srcset=\"https:\/\/biocookedtoday.com\/wp-content\/uploads\/2023\/10\/Banner_combi_1400px-ancho_2-1536x334.jpg 1536w, https:\/\/biocookedtoday.com\/wp-content\/uploads\/2023\/10\/Banner_combi_1400px-ancho_2-300x65.jpg 300w, https:\/\/biocookedtoday.com\/wp-content\/uploads\/2023\/10\/Banner_combi_1400px-ancho_2-1024x223.jpg 1024w, https:\/\/biocookedtoday.com\/wp-content\/uploads\/2023\/10\/Banner_combi_1400px-ancho_2-768x167.jpg 768w, https:\/\/biocookedtoday.com\/wp-content\/uploads\/2023\/10\/Banner_combi_1400px-ancho_2.jpg 1850w\" sizes=\"(max-width: 1536px) 100vw, 1536px\" \/>\t\t\t\t\t\t\t\t\t\t\t\t\t\t\t<\/div>\n\t\t\t\t<\/div>\n\t\t\t\t\t<\/div>\n\t\t\t\t<\/div>\n\t\t<div class=\"elementor-element elementor-element-999bc85 e-flex e-con-boxed e-con e-parent\" data-id=\"999bc85\" data-element_type=\"container\">\n\t\t\t\t\t<div class=\"e-con-inner\">\n\t\t\t\t<div class=\"elementor-element elementor-element-14b5e5c elementor-widget elementor-widget-text-editor\" data-id=\"14b5e5c\" data-element_type=\"widget\" data-widget_type=\"text-editor.default\">\n\t\t\t\t<div class=\"elementor-widget-container\">\n\t\t\t\t\t\t\t\t\t<b>\u201cClick <a href=\"https:\/\/biocookedtoday.com\/wp-content\/uploads\/2023\/10\/CoCoBiocookedtoday_Organic-roasts_and_HORECA.pdf\">here<\/a> and see our product dossier\u201d<\/b>\t\t\t\t\t\t\t\t<\/div>\n\t\t\t\t<\/div>\n\t\t\t\t\t<\/div>\n\t\t\t\t<\/div>\n\t\t\t\t<\/div>\n\t\t","protected":false},"excerpt":{"rendered":"<p>https:\/\/biocookedtoday.com\/wp-content\/uploads\/2023\/10\/Terneras_web.mp4 Lifelong ranchers Our journey as a family business of organic livestock farmers begins at the end of the 80s with the acquisition of the &#8216;Las Hazas&#8217; farm. A farm, located between the towns of Villanueva de C\u00f3rdoba and Torrecampo, in the heart of the Pedroches Valley (C\u00f3rdoba), Andalusia, Spain. The brothers and founders Jos\u00e9 [&hellip;]<\/p>\n","protected":false},"author":1,"featured_media":0,"parent":0,"menu_order":0,"comment_status":"closed","ping_status":"closed","template":"","meta":{"site-sidebar-layout":"no-sidebar","site-content-layout":"","ast-site-content-layout":"full-width-container","site-content-style":"default","site-sidebar-style":"default","ast-global-header-display":"","ast-banner-title-visibility":"","ast-main-header-display":"","ast-hfb-above-header-display":"","ast-hfb-below-header-display":"","ast-hfb-mobile-header-display":"","site-post-title":"disabled","ast-breadcrumbs-content":"","ast-featured-img":"disabled","footer-sml-layout":"","theme-transparent-header-meta":"","adv-header-id-meta":"","stick-header-meta":"","header-above-stick-meta":"","header-main-stick-meta":"","header-below-stick-meta":"","astra-migrate-meta-layouts":"default","ast-page-background-enabled":"default","ast-page-background-meta":{"desktop":{"background-color":"var(--ast-global-color-4)","background-image":"","background-repeat":"repeat","background-position":"center center","background-size":"auto","background-attachment":"scroll","background-type":"","background-media":"","overlay-type":"","overlay-color":"","overlay-opacity":"","overlay-gradient":""},"tablet":{"background-color":"","background-image":"","background-repeat":"repeat","background-position":"center center","background-size":"auto","background-attachment":"scroll","background-type":"","background-media":"","overlay-type":"","overlay-color":"","overlay-opacity":"","overlay-gradient":""},"mobile":{"background-color":"","background-image":"","background-repeat":"repeat","background-position":"center center","background-size":"auto","background-attachment":"scroll","background-type":"","background-media":"","overlay-type":"","overlay-color":"","overlay-opacity":"","overlay-gradient":""}},"ast-content-background-meta":{"desktop":{"background-color":"var(--ast-global-color-5)","background-image":"","background-repeat":"repeat","background-position":"center center","background-size":"auto","background-attachment":"scroll","background-type":"","background-media":"","overlay-type":"","overlay-color":"","overlay-opacity":"","overlay-gradient":""},"tablet":{"background-color":"var(--ast-global-color-5)","background-image":"","background-repeat":"repeat","background-position":"center center","background-size":"auto","background-attachment":"scroll","background-type":"","background-media":"","overlay-type":"","overlay-color":"","overlay-opacity":"","overlay-gradient":""},"mobile":{"background-color":"var(--ast-global-color-5)","background-image":"","background-repeat":"repeat","background-position":"center center","background-size":"auto","background-attachment":"scroll","background-type":"","background-media":"","overlay-type":"","overlay-color":"","overlay-opacity":"","overlay-gradient":""}},"footnotes":""},"class_list":["post-6","page","type-page","status-publish","hentry"],"_links":{"self":[{"href":"https:\/\/biocookedtoday.com\/index.php?rest_route=\/wp\/v2\/pages\/6","targetHints":{"allow":["GET"]}}],"collection":[{"href":"https:\/\/biocookedtoday.com\/index.php?rest_route=\/wp\/v2\/pages"}],"about":[{"href":"https:\/\/biocookedtoday.com\/index.php?rest_route=\/wp\/v2\/types\/page"}],"author":[{"embeddable":true,"href":"https:\/\/biocookedtoday.com\/index.php?rest_route=\/wp\/v2\/users\/1"}],"replies":[{"embeddable":true,"href":"https:\/\/biocookedtoday.com\/index.php?rest_route=%2Fwp%2Fv2%2Fcomments&post=6"}],"version-history":[{"count":28,"href":"https:\/\/biocookedtoday.com\/index.php?rest_route=\/wp\/v2\/pages\/6\/revisions"}],"predecessor-version":[{"id":59,"href":"https:\/\/biocookedtoday.com\/index.php?rest_route=\/wp\/v2\/pages\/6\/revisions\/59"}],"wp:attachment":[{"href":"https:\/\/biocookedtoday.com\/index.php?rest_route=%2Fwp%2Fv2%2Fmedia&parent=6"}],"curies":[{"name":"wp","href":"https:\/\/api.w.org\/{rel}","templated":true}]}}